{"id":1363,"date":"2016-09-21T11:39:02","date_gmt":"2016-09-21T10:39:02","guid":{"rendered":"http:\/\/ld-wp.template-help.com\/wordpress_62222_default-sample\/?page_id=1363"},"modified":"2022-04-08T15:00:52","modified_gmt":"2022-04-08T13:00:52","slug":"contacto","status":"publish","type":"page","link":"https:\/\/berbahr.com\/index.php\/contacto\/","title":{"rendered":"Contacto"},"content":{"rendered":"<p>Direcci\u00f3n: Torre Bailen N\u00ba 1, piso 5\u00ba, 48003 Bilbao Bizkaia Tel\u00e9fono: (+34) 94 468 29 13 Email: info@berbahr.com Hablar Es tal el impacto que tiene la simple acci\u00f3n de hablar, que hemos decidido poner esa palabra en nuestro ADN. Es por eso por lo que nos gustar\u00eda hablar <a href=\"https:\/\/berbahr.com\/index.php\/contacto\/\" title=\"Read more on Contacto\" class=\"more-link\">read more<\/a><\/p>\n","protected":false},"excerpt":{"rendered":"<p>Direcci\u00f3n: Torre Bailen N\u00ba 1, piso 5\u00ba, 48003 Bilbao Bizkaia Tel\u00e9fono: (+34) 94 468 29 13 Email: info@berbahr.com Hablar Es tal el impacto que tiene la simple acci\u00f3n de hablar, que hemos decidido poner esa palabra en nuestro ADN. Es por eso por lo que nos gustar\u00eda hablar read more<\/p>\n","protected":false},"author":2,"featured_media":0,"parent":0,"menu_order":0,"comment_status":"closed","ping_status":"closed","template":"","meta":[],"_links":{"self":[{"href":"https:\/\/berbahr.com\/index.php\/wp-json\/wp\/v2\/pages\/1363"}],"collection":[{"href":"https:\/\/berbahr.com\/index.php\/wp-json\/wp\/v2\/pages"}],"about":[{"href":"https:\/\/berbahr.com\/index.php\/wp-json\/wp\/v2\/types\/page"}],"author":[{"embeddable":true,"href":"https:\/\/berbahr.com\/index.php\/wp-json\/wp\/v2\/users\/2"}],"replies":[{"embeddable":true,"href":"https:\/\/berbahr.com\/index.php\/wp-json\/wp\/v2\/comments?post=1363"}],"version-history":[{"count":40,"href":"https:\/\/berbahr.com\/index.php\/wp-json\/wp\/v2\/pages\/1363\/revisions"}],"predecessor-version":[{"id":4621,"href":"https:\/\/berbahr.com\/index.php\/wp-json\/wp\/v2\/pages\/1363\/revisions\/4621"}],"wp:attachment":[{"href":"https:\/\/berbahr.com\/index.php\/wp-json\/wp\/v2\/media?parent=1363"}],"curies":[{"name":"wp","href":"https:\/\/api.w.org\/{rel}","templated":true}]}}