{"id":4124,"date":"2017-04-28T10:22:57","date_gmt":"2017-04-28T09:22:57","guid":{"rendered":"https:\/\/berbahr.com\/?page_id=4124"},"modified":"2017-04-28T10:26:23","modified_gmt":"2017-04-28T09:26:23","slug":"politica-de-privacidad","status":"publish","type":"page","link":"https:\/\/berbahr.com\/index.php\/politica-de-privacidad\/","title":{"rendered":"Pol\u00edtica de Privacidad"},"content":{"rendered":"<p>POL\u00cdTICA DE PRIVACIDAD 1. TRATAMIENTO DE DATOS DE CAR\u00c1CTER PERSONAL En cumplimiento con lo dispuesto en la Ley Org\u00e1nica 15\/1999, de 13 de diciembre, de Protecci\u00f3n de Datos de Car\u00e1cter Personal (&#8216;LOPD&#8217;), le informamos de que los datos personales e informaci\u00f3n <a href=\"https:\/\/berbahr.com\/index.php\/politica-de-privacidad\/\" title=\"Read more on Pol\u00edtica de Privacidad\" class=\"more-link\">read more<\/a><\/p>\n","protected":false},"excerpt":{"rendered":"<p>POL\u00cdTICA DE PRIVACIDAD 1. TRATAMIENTO DE DATOS DE CAR\u00c1CTER PERSONAL En cumplimiento con lo dispuesto en la Ley Org\u00e1nica 15\/1999, de 13 de diciembre, de Protecci\u00f3n de Datos de Car\u00e1cter Personal (&#8216;LOPD&#8217;), le informamos de que los datos personales e informaci\u00f3n read more<\/p>\n","protected":false},"author":2,"featured_media":0,"parent":0,"menu_order":0,"comment_status":"closed","ping_status":"closed","template":"","meta":[],"_links":{"self":[{"href":"https:\/\/berbahr.com\/index.php\/wp-json\/wp\/v2\/pages\/4124"}],"collection":[{"href":"https:\/\/berbahr.com\/index.php\/wp-json\/wp\/v2\/pages"}],"about":[{"href":"https:\/\/berbahr.com\/index.php\/wp-json\/wp\/v2\/types\/page"}],"author":[{"embeddable":true,"href":"https:\/\/berbahr.com\/index.php\/wp-json\/wp\/v2\/users\/2"}],"replies":[{"embeddable":true,"href":"https:\/\/berbahr.com\/index.php\/wp-json\/wp\/v2\/comments?post=4124"}],"version-history":[{"count":3,"href":"https:\/\/berbahr.com\/index.php\/wp-json\/wp\/v2\/pages\/4124\/revisions"}],"predecessor-version":[{"id":4127,"href":"https:\/\/berbahr.com\/index.php\/wp-json\/wp\/v2\/pages\/4124\/revisions\/4127"}],"wp:attachment":[{"href":"https:\/\/berbahr.com\/index.php\/wp-json\/wp\/v2\/media?parent=4124"}],"curies":[{"name":"wp","href":"https:\/\/api.w.org\/{rel}","templated":true}]}}